{"id":9,"date":"2019-02-15T13:54:23","date_gmt":"2019-02-15T13:54:23","guid":{"rendered":"http:\/\/donusumdegerleme.com\/?page_id=9"},"modified":"2019-05-25T16:55:09","modified_gmt":"2019-05-25T16:55:09","slug":"hakkimizda","status":"publish","type":"page","link":"https:\/\/donusumdegerleme.com\/?page_id=9","title":{"rendered":"Hakk\u0131m\u0131zda"},"content":{"rendered":"<p>Ankara merkezli Bilge Gayrimenkul De\u011ferleme LTD.\u015eT\u0130. \u00fcnvan\u0131 ile faaliyet g\u00f6steren \u015firketimiz, sekt\u00f6r geli\u015fimine katk\u0131 sa\u011flamak amac\u0131yla uzun y\u0131llard\u0131r tecr\u00fcbe sahibi olan kurucular\u0131 taraf\u0131ndan \u015eubat 2019 tarihinde D\u00d6N\u00dc\u015e\u00dcM GAYR\u0130MENKUL DE\u011eERLEME ve DANI\u015eMANLIK A.\u015e. ad\u0131 alt\u0131nda faaliyetine devam etmektedir.<\/p>\n<p>G\u00fcvenilirlik, d\u00fcr\u00fcstl\u00fck, tarafs\u0131zl\u0131k ve ba\u011f\u0131ms\u0131zl\u0131k ilkelerini \u00f6z\u00fcmseyen sorumluluk bilincine sahip \u015firketimiz her t\u00fcrl\u00fc teknolojik alt yap\u0131 imkanlar\u0131 neticesinde h\u0131zl\u0131 ve do\u011fru de\u011ferleme ile sekt\u00f6rde \u00fcst s\u0131ralar\u0131 hedeflemektedir.<\/p>\n","protected":false},"excerpt":{"rendered":"<p>Ankara merkezli Bilge Gayrimenkul De\u011ferleme LTD.\u015eT\u0130. \u00fcnvan\u0131 ile faaliyet g\u00f6steren \u015firketimiz, sekt\u00f6r geli\u015fimine katk\u0131 sa\u011flamak amac\u0131yla uzun y\u0131llard\u0131r tecr\u00fcbe sahibi olan kurucular\u0131 taraf\u0131ndan \u015eubat 2019 tarihinde D\u00d6N\u00dc\u015e\u00dcM GAYR\u0130MENKUL DE\u011eERLEME ve DANI\u015eMANLIK A.\u015e. ad\u0131 alt\u0131nda faaliyetine devam etmektedir. G\u00fcvenilirlik, d\u00fcr\u00fcstl\u00fck, tarafs\u0131zl\u0131k ve ba\u011f\u0131ms\u0131zl\u0131k ilkelerini \u00f6z\u00fcmseyen sorumluluk bilincine sahip \u015firketimiz her t\u00fcrl\u00fc teknolojik alt yap\u0131 imkanlar\u0131 neticesinde&hellip; <br \/> <a class=\"read-more\" href=\"https:\/\/donusumdegerleme.com\/?page_id=9\">Devam\u0131<\/a><\/p>\n","protected":false},"author":1,"featured_media":0,"parent":0,"menu_order":0,"comment_status":"closed","ping_status":"closed","template":"","meta":[],"_links":{"self":[{"href":"https:\/\/donusumdegerleme.com\/index.php?rest_route=\/wp\/v2\/pages\/9"}],"collection":[{"href":"https:\/\/donusumdegerleme.com\/index.php?rest_route=\/wp\/v2\/pages"}],"about":[{"href":"https:\/\/donusumdegerleme.com\/index.php?rest_route=\/wp\/v2\/types\/page"}],"author":[{"embeddable":true,"href":"https:\/\/donusumdegerleme.com\/index.php?rest_route=\/wp\/v2\/users\/1"}],"replies":[{"embeddable":true,"href":"https:\/\/donusumdegerleme.com\/index.php?rest_route=%2Fwp%2Fv2%2Fcomments&post=9"}],"version-history":[{"count":3,"href":"https:\/\/donusumdegerleme.com\/index.php?rest_route=\/wp\/v2\/pages\/9\/revisions"}],"predecessor-version":[{"id":551,"href":"https:\/\/donusumdegerleme.com\/index.php?rest_route=\/wp\/v2\/pages\/9\/revisions\/551"}],"wp:attachment":[{"href":"https:\/\/donusumdegerleme.com\/index.php?rest_route=%2Fwp%2Fv2%2Fmedia&parent=9"}],"curies":[{"name":"wp","href":"https:\/\/api.w.org\/{rel}","templated":true}]}}