{"id":738,"date":"2019-05-28T22:28:59","date_gmt":"2019-05-28T22:28:59","guid":{"rendered":"http:\/\/donusumdegerleme.com\/?page_id=738"},"modified":"2023-02-20T11:36:04","modified_gmt":"2023-02-20T11:36:04","slug":"degerleme-talebi-olusturun","status":"publish","type":"page","link":"https:\/\/donusumdegerleme.com\/?page_id=738","title":{"rendered":"DE\u011eERLEME TALEB\u0130"},"content":{"rendered":"\n<p><\/p>\n\n\n\n<p><span style=\"color: #000000; font-size: 18pt;\">TA\u015eINMAZINIZIN DE\u011eER\u0130N\u0130 B\u0130L\u0130N&#8230;<\/span><\/p>\n<p>T\u00fcrkiye Geneli Gayrimenkul De\u011ferleme raporu, Kentsel D\u00f6n\u00fc\u015f\u00fcm De\u011ferleme Raporlar\u0131, Miras Payla\u015f\u0131m\u0131 i\u00e7in de\u011ferleme raporlar\u0131 vb. talepleriniz i\u00e7in \u00a0<a href=\"tel:05075060109\">05075060109 <\/a>nolu telefonlardan destek alabilirsiniz. WhatsApp yolu ile de kolayca ileti\u015fim kurabilirsiniz.<\/p>\n\n\n\n<div class=\"wp-block-image\"><figure class=\"aligncenter is-resized\"><img loading=\"lazy\" src=\"http:\/\/donusumdegerleme.com\/wp-content\/uploads\/2019\/03\/Property-Valuation1.jpg\" alt=\"\" class=\"wp-image-120\" width=\"407\" height=\"315\" srcset=\"https:\/\/donusumdegerleme.com\/wp-content\/uploads\/2019\/03\/Property-Valuation1.jpg 310w, https:\/\/donusumdegerleme.com\/wp-content\/uploads\/2019\/03\/Property-Valuation1-300x232.jpg 300w\" sizes=\"(max-width: 407px) 100vw, 407px\" \/><\/figure><\/div>\n\n\n<div role=\"form\" class=\"wpcf7\" id=\"wpcf7-f737-o1\" lang=\"tr-TR\" dir=\"ltr\">\n<div class=\"screen-reader-response\"><\/div>\n<form action=\"\/index.php?rest_route=%2Fwp%2Fv2%2Fpages%2F738#wpcf7-f737-o1\" method=\"post\" class=\"wpcf7-form\" novalidate=\"novalidate\">\n<div style=\"display: none;\">\n<input type=\"hidden\" name=\"_wpcf7\" value=\"737\" \/>\n<input type=\"hidden\" name=\"_wpcf7_version\" value=\"5.1.4\" \/>\n<input type=\"hidden\" name=\"_wpcf7_locale\" value=\"tr_TR\" \/>\n<input type=\"hidden\" name=\"_wpcf7_unit_tag\" value=\"wpcf7-f737-o1\" \/>\n<input type=\"hidden\" name=\"_wpcf7_container_post\" value=\"0\" \/>\n<\/div>\n<p>Ad\u0131n\u0131z Soyad\u0131n\u0131z*\t<span class=\"wpcf7-form-control-wrap your-name\"><input type=\"text\" name=\"your-name\" value=\"\" size=\"40\" class=\"wpcf7-form-control wpcf7-text wpcf7-validates-as-required contactinput\" id=\"adiniz\" aria-required=\"true\" aria-invalid=\"false\" \/><\/span><br \/>\nGayrimenkul\u00fcn Adresi\t<span class=\"wpcf7-form-control-wrap textarea-913\"><textarea name=\"textarea-913\" cols=\"40\" rows=\"4\" class=\"wpcf7-form-control wpcf7-textarea wpcf7-validates-as-required new-mail\" id=\"evadres\" aria-required=\"true\" aria-invalid=\"false\"><\/textarea><\/span><br \/>\nT.C Kimlik No*\t<span class=\"wpcf7-form-control-wrap text-742\"><input type=\"text\" name=\"text-742\" value=\"\" size=\"40\" class=\"wpcf7-form-control wpcf7-text wpcf7-validates-as-required contactinput\" id=\"tckimlik\" aria-required=\"true\" aria-invalid=\"false\" \/><\/span><br \/>\n\u0130leti\u015fim Adresi*\t<span class=\"wpcf7-form-control-wrap textarea-913\"><textarea name=\"textarea-913\" cols=\"40\" rows=\"4\" class=\"wpcf7-form-control wpcf7-textarea wpcf7-validates-as-required new-mail\" id=\"evadres\" aria-required=\"true\" aria-invalid=\"false\"><\/textarea><\/span><br \/>\nTelefon Numaras\u0131\t<span class=\"wpcf7-form-control-wrap text-183\"><input type=\"text\" name=\"text-183\" value=\"\" size=\"40\" class=\"wpcf7-form-control wpcf7-text contactinput\" id=\"tel\" aria-invalid=\"false\" \/><\/span><br \/>\nCep Telefonu*\t<span class=\"wpcf7-form-control-wrap text-623\"><input type=\"text\" name=\"text-623\" value=\"\" size=\"40\" class=\"wpcf7-form-control wpcf7-text wpcf7-validates-as-required contactinput\" id=\"gsm\" aria-required=\"true\" aria-invalid=\"false\" \/><\/span><br \/>\nE-mail Adresi*\t<span class=\"wpcf7-form-control-wrap your-email\"><input type=\"email\" name=\"your-email\" value=\"\" size=\"40\" class=\"wpcf7-form-control wpcf7-text wpcf7-email wpcf7-validates-as-required wpcf7-validates-as-email contactinput\" id=\"email\" aria-required=\"true\" aria-invalid=\"false\" \/><\/span><\/p>\n<p><input type=\"submit\" value=\"G\u00f6nder\" class=\"wpcf7-form-control wpcf7-submit\" \/><\/p>\n<div class=\"wpcf7-response-output wpcf7-display-none\"><\/div><\/form><\/div>\n","protected":false},"excerpt":{"rendered":"<p>TA\u015eINMAZINIZIN DE\u011eER\u0130N\u0130 B\u0130L\u0130N&#8230; T\u00fcrkiye Geneli Gayrimenkul De\u011ferleme raporu, Kentsel D\u00f6n\u00fc\u015f\u00fcm De\u011ferleme Raporlar\u0131, Miras Payla\u015f\u0131m\u0131 i\u00e7in de\u011ferleme raporlar\u0131 vb. talepleriniz i\u00e7in \u00a005075060109 nolu telefonlardan destek alabilirsiniz. WhatsApp yolu ile de kolayca ileti\u015fim kurabilirsiniz.<\/p>\n","protected":false},"author":1,"featured_media":0,"parent":0,"menu_order":0,"comment_status":"closed","ping_status":"closed","template":"","meta":[],"_links":{"self":[{"href":"https:\/\/donusumdegerleme.com\/index.php?rest_route=\/wp\/v2\/pages\/738"}],"collection":[{"href":"https:\/\/donusumdegerleme.com\/index.php?rest_route=\/wp\/v2\/pages"}],"about":[{"href":"https:\/\/donusumdegerleme.com\/index.php?rest_route=\/wp\/v2\/types\/page"}],"author":[{"embeddable":true,"href":"https:\/\/donusumdegerleme.com\/index.php?rest_route=\/wp\/v2\/users\/1"}],"replies":[{"embeddable":true,"href":"https:\/\/donusumdegerleme.com\/index.php?rest_route=%2Fwp%2Fv2%2Fcomments&post=738"}],"version-history":[{"count":12,"href":"https:\/\/donusumdegerleme.com\/index.php?rest_route=\/wp\/v2\/pages\/738\/revisions"}],"predecessor-version":[{"id":1062,"href":"https:\/\/donusumdegerleme.com\/index.php?rest_route=\/wp\/v2\/pages\/738\/revisions\/1062"}],"wp:attachment":[{"href":"https:\/\/donusumdegerleme.com\/index.php?rest_route=%2Fwp%2Fv2%2Fmedia&parent=738"}],"curies":[{"name":"wp","href":"https:\/\/api.w.org\/{rel}","templated":true}]}}