{"id":689,"date":"2020-10-29T00:00:31","date_gmt":"2020-10-29T00:00:31","guid":{"rendered":"http:\/\/donusumdegerleme.com\/?page_id=689"},"modified":"2021-10-03T20:03:27","modified_gmt":"2021-10-03T20:03:27","slug":"basinda-biz","status":"publish","type":"page","link":"https:\/\/donusumdegerleme.com\/?page_id=689","title":{"rendered":"YABANCI UYRUKLU K\u0130\u015e\u0130LER HAKKINDA"},"content":{"rendered":"\n<p> Yabanc\u0131lar\u0131n taraf oldu\u011fu ta\u015f\u0131nmaz sat\u0131\u015f\u0131 i\u015flemleri art\u0131k yapay zeka tabanl\u0131 algoritma ile De\u011ferleme Kurulu\u015far\u0131&#8217;na da\u011f\u0131t\u0131lmaktad\u0131r. Ba\u015fvurular\u0131n\u0131z\u0131 WEB TAPU dan kolayca yapabilirsiniz. Yap\u0131lan de\u011fi\u015fiklik ile ba\u011f\u0131ms\u0131zl\u0131k ve tarafs\u0131zl\u0131k g\u00fc\u00e7lenmi\u015ftir.  <\/p>\n\n\n\n<p><\/p>\n","protected":false},"excerpt":{"rendered":"<p>Yabanc\u0131lar\u0131n taraf oldu\u011fu ta\u015f\u0131nmaz sat\u0131\u015f\u0131 i\u015flemleri art\u0131k yapay zeka tabanl\u0131 algoritma ile De\u011ferleme Kurulu\u015far\u0131&#8217;na da\u011f\u0131t\u0131lmaktad\u0131r. Ba\u015fvurular\u0131n\u0131z\u0131 WEB TAPU dan kolayca yapabilirsiniz. Yap\u0131lan de\u011fi\u015fiklik ile ba\u011f\u0131ms\u0131zl\u0131k ve tarafs\u0131zl\u0131k g\u00fc\u00e7lenmi\u015ftir.<\/p>\n","protected":false},"author":1,"featured_media":0,"parent":0,"menu_order":0,"comment_status":"closed","ping_status":"closed","template":"","meta":[],"_links":{"self":[{"href":"https:\/\/donusumdegerleme.com\/index.php?rest_route=\/wp\/v2\/pages\/689"}],"collection":[{"href":"https:\/\/donusumdegerleme.com\/index.php?rest_route=\/wp\/v2\/pages"}],"about":[{"href":"https:\/\/donusumdegerleme.com\/index.php?rest_route=\/wp\/v2\/types\/page"}],"author":[{"embeddable":true,"href":"https:\/\/donusumdegerleme.com\/index.php?rest_route=\/wp\/v2\/users\/1"}],"replies":[{"embeddable":true,"href":"https:\/\/donusumdegerleme.com\/index.php?rest_route=%2Fwp%2Fv2%2Fcomments&post=689"}],"version-history":[{"count":8,"href":"https:\/\/donusumdegerleme.com\/index.php?rest_route=\/wp\/v2\/pages\/689\/revisions"}],"predecessor-version":[{"id":967,"href":"https:\/\/donusumdegerleme.com\/index.php?rest_route=\/wp\/v2\/pages\/689\/revisions\/967"}],"wp:attachment":[{"href":"https:\/\/donusumdegerleme.com\/index.php?rest_route=%2Fwp%2Fv2%2Fmedia&parent=689"}],"curies":[{"name":"wp","href":"https:\/\/api.w.org\/{rel}","templated":true}]}}