{"id":688,"date":"2019-05-26T03:34:31","date_gmt":"2019-05-26T03:34:31","guid":{"rendered":"http:\/\/donusumdegerleme.com\/?page_id=688"},"modified":"2023-03-24T09:56:46","modified_gmt":"2023-03-24T09:56:46","slug":"projeler-icin-fayda-maliyetdanismanligi","status":"publish","type":"page","link":"https:\/\/donusumdegerleme.com\/?page_id=688","title":{"rendered":"PROJELER \u0130\u00c7\u0130N FAYDA &#038; MAL\u0130YET DANI\u015eMANLI\u011eI"},"content":{"rendered":"\n<p>H\u0131zl\u0131 Talep olu\u015fturmak i\u00e7in:&nbsp;<\/p>\n\n\n\n<p><\/p>\n\n\n\n<p> T\u00fcrkiye Geneli Gayrimenkul De\u011ferleme raporu, Kentsel D\u00f6n\u00fc\u015f\u00fcm De\u011ferleme Raporlar\u0131, Miras Payla\u015f\u0131m\u0131 i\u00e7in de\u011ferleme raporlar\u0131 vb. talepleriniz i\u00e7in  <a href=\"tel:05353058425\">05353058425<\/a> nolu telefonlardan destek alabilirsiniz. WhatsApp yolu ile de kolayca ileti\u015fim kurabilirsiniz. <\/p>\n\n\n<p><!--EndFragment--><\/p>","protected":false},"excerpt":{"rendered":"<p>H\u0131zl\u0131 Talep olu\u015fturmak i\u00e7in:&nbsp; T\u00fcrkiye Geneli Gayrimenkul De\u011ferleme raporu, Kentsel D\u00f6n\u00fc\u015f\u00fcm De\u011ferleme Raporlar\u0131, Miras Payla\u015f\u0131m\u0131 i\u00e7in de\u011ferleme raporlar\u0131 vb. talepleriniz i\u00e7in 05353058425 nolu telefonlardan destek alabilirsiniz. WhatsApp yolu ile de kolayca ileti\u015fim kurabilirsiniz.<\/p>\n","protected":false},"author":1,"featured_media":0,"parent":0,"menu_order":0,"comment_status":"closed","ping_status":"closed","template":"","meta":[],"_links":{"self":[{"href":"https:\/\/donusumdegerleme.com\/index.php?rest_route=\/wp\/v2\/pages\/688"}],"collection":[{"href":"https:\/\/donusumdegerleme.com\/index.php?rest_route=\/wp\/v2\/pages"}],"about":[{"href":"https:\/\/donusumdegerleme.com\/index.php?rest_route=\/wp\/v2\/types\/page"}],"author":[{"embeddable":true,"href":"https:\/\/donusumdegerleme.com\/index.php?rest_route=\/wp\/v2\/users\/1"}],"replies":[{"embeddable":true,"href":"https:\/\/donusumdegerleme.com\/index.php?rest_route=%2Fwp%2Fv2%2Fcomments&post=688"}],"version-history":[{"count":9,"href":"https:\/\/donusumdegerleme.com\/index.php?rest_route=\/wp\/v2\/pages\/688\/revisions"}],"predecessor-version":[{"id":1071,"href":"https:\/\/donusumdegerleme.com\/index.php?rest_route=\/wp\/v2\/pages\/688\/revisions\/1071"}],"wp:attachment":[{"href":"https:\/\/donusumdegerleme.com\/index.php?rest_route=%2Fwp%2Fv2%2Fmedia&parent=688"}],"curies":[{"name":"wp","href":"https:\/\/api.w.org\/{rel}","templated":true}]}}