{"id":683,"date":"2019-05-26T03:34:31","date_gmt":"2019-05-26T03:34:31","guid":{"rendered":"http:\/\/donusumdegerleme.com\/?page_id=683"},"modified":"2023-03-24T10:05:15","modified_gmt":"2023-03-24T10:05:15","slug":"makine-ve-techizat-degerleme","status":"publish","type":"page","link":"https:\/\/donusumdegerleme.com\/?page_id=683","title":{"rendered":"MAK\u0130NE VE TE\u00c7H\u0130ZAT DE\u011eERLEME"},"content":{"rendered":"<p><!--StartFragment--><\/p>\n\n\n<p>H\u0131zl\u0131 Talep olu\u015fturmak i\u00e7in:&nbsp;<a href=\"tel:05321677202\">0<\/a><a href=\"tel:05353058425\">5353058425<\/a><\/p>\n\n\n\n<p>T\u00fcrkiye Geneli Gayrimenkul De\u011ferleme raporu, Kentsel D\u00f6n\u00fc\u015f\u00fcm De\u011ferleme Raporlar\u0131, Miras Payla\u015f\u0131m\u0131 i\u00e7in de\u011ferleme raporlar\u0131 vb. talepleriniz i\u00e7in <a href=\"tel:05321677202\">0<\/a><a href=\"tel:05353058425\">5353058425<\/a> \u2013 <a href=\"tel:05353058425\">05353058425<\/a> nolu telefonlardan destek alabilirsiniz. WhatsApp yolu ile de kolayca ileti\u015fim kurabilirsiniz.<\/p>\n\n\n<p><!--EndFragment--><\/p>","protected":false},"excerpt":{"rendered":"<p>H\u0131zl\u0131 Talep olu\u015fturmak i\u00e7in:&nbsp;05353058425 T\u00fcrkiye Geneli Gayrimenkul De\u011ferleme raporu, Kentsel D\u00f6n\u00fc\u015f\u00fcm De\u011ferleme Raporlar\u0131, Miras Payla\u015f\u0131m\u0131 i\u00e7in de\u011ferleme raporlar\u0131 vb. talepleriniz i\u00e7in 05353058425 \u2013 05353058425 nolu telefonlardan destek alabilirsiniz. WhatsApp yolu ile de kolayca ileti\u015fim kurabilirsiniz.<\/p>\n","protected":false},"author":1,"featured_media":0,"parent":0,"menu_order":0,"comment_status":"closed","ping_status":"closed","template":"","meta":[],"_links":{"self":[{"href":"https:\/\/donusumdegerleme.com\/index.php?rest_route=\/wp\/v2\/pages\/683"}],"collection":[{"href":"https:\/\/donusumdegerleme.com\/index.php?rest_route=\/wp\/v2\/pages"}],"about":[{"href":"https:\/\/donusumdegerleme.com\/index.php?rest_route=\/wp\/v2\/types\/page"}],"author":[{"embeddable":true,"href":"https:\/\/donusumdegerleme.com\/index.php?rest_route=\/wp\/v2\/users\/1"}],"replies":[{"embeddable":true,"href":"https:\/\/donusumdegerleme.com\/index.php?rest_route=%2Fwp%2Fv2%2Fcomments&post=683"}],"version-history":[{"count":9,"href":"https:\/\/donusumdegerleme.com\/index.php?rest_route=\/wp\/v2\/pages\/683\/revisions"}],"predecessor-version":[{"id":1075,"href":"https:\/\/donusumdegerleme.com\/index.php?rest_route=\/wp\/v2\/pages\/683\/revisions\/1075"}],"wp:attachment":[{"href":"https:\/\/donusumdegerleme.com\/index.php?rest_route=%2Fwp%2Fv2%2Fmedia&parent=683"}],"curies":[{"name":"wp","href":"https:\/\/api.w.org\/{rel}","templated":true}]}}