{"id":682,"date":"2019-05-26T03:34:31","date_gmt":"2019-05-26T03:34:31","guid":{"rendered":"http:\/\/donusumdegerleme.com\/?page_id=682"},"modified":"2023-03-24T09:54:17","modified_gmt":"2023-03-24T09:54:17","slug":"gayrimenkul-degerleme","status":"publish","type":"page","link":"https:\/\/donusumdegerleme.com\/?page_id=682","title":{"rendered":"GAYR\u0130MENKUL DE\u011eERLEME"},"content":{"rendered":"\n<p>H\u0131zl\u0131 Talep olu\u015fturmak i\u00e7in:&nbsp;<\/p>\n\n\n\n<p> T\u00fcrkiye Geneli Gayrimenkul De\u011ferleme raporu, Kentsel D\u00f6n\u00fc\u015f\u00fcm De\u011ferleme Raporlar\u0131, Miras Payla\u015f\u0131m\u0131 i\u00e7in de\u011ferleme raporlar\u0131 vb. talepleriniz i\u00e7in  <a href=\"tel:05353058425\">05353058425<\/a> nolu telefonlardan destek alabilirsiniz. WhatsApp yolu ile de kolayca ileti\u015fim kurabilirsiniz. <\/p>\n","protected":false},"excerpt":{"rendered":"<p>H\u0131zl\u0131 Talep olu\u015fturmak i\u00e7in:&nbsp; T\u00fcrkiye Geneli Gayrimenkul De\u011ferleme raporu, Kentsel D\u00f6n\u00fc\u015f\u00fcm De\u011ferleme Raporlar\u0131, Miras Payla\u015f\u0131m\u0131 i\u00e7in de\u011ferleme raporlar\u0131 vb. talepleriniz i\u00e7in 05353058425 nolu telefonlardan destek alabilirsiniz. WhatsApp yolu ile de kolayca ileti\u015fim kurabilirsiniz.<\/p>\n","protected":false},"author":1,"featured_media":0,"parent":0,"menu_order":0,"comment_status":"closed","ping_status":"closed","template":"","meta":[],"_links":{"self":[{"href":"https:\/\/donusumdegerleme.com\/index.php?rest_route=\/wp\/v2\/pages\/682"}],"collection":[{"href":"https:\/\/donusumdegerleme.com\/index.php?rest_route=\/wp\/v2\/pages"}],"about":[{"href":"https:\/\/donusumdegerleme.com\/index.php?rest_route=\/wp\/v2\/types\/page"}],"author":[{"embeddable":true,"href":"https:\/\/donusumdegerleme.com\/index.php?rest_route=\/wp\/v2\/users\/1"}],"replies":[{"embeddable":true,"href":"https:\/\/donusumdegerleme.com\/index.php?rest_route=%2Fwp%2Fv2%2Fcomments&post=682"}],"version-history":[{"count":12,"href":"https:\/\/donusumdegerleme.com\/index.php?rest_route=\/wp\/v2\/pages\/682\/revisions"}],"predecessor-version":[{"id":1067,"href":"https:\/\/donusumdegerleme.com\/index.php?rest_route=\/wp\/v2\/pages\/682\/revisions\/1067"}],"wp:attachment":[{"href":"https:\/\/donusumdegerleme.com\/index.php?rest_route=%2Fwp%2Fv2%2Fmedia&parent=682"}],"curies":[{"name":"wp","href":"https:\/\/api.w.org\/{rel}","templated":true}]}}