{"id":53,"date":"2019-03-10T18:31:30","date_gmt":"2019-03-10T18:31:30","guid":{"rendered":"http:\/\/donusumdegerleme.com\/?page_id=53"},"modified":"2023-03-24T10:04:21","modified_gmt":"2023-03-24T10:04:21","slug":"hizmetlerimiz","status":"publish","type":"page","link":"https:\/\/donusumdegerleme.com\/?page_id=53","title":{"rendered":"Hizmetlerimiz"},"content":{"rendered":"\n<p> H\u0131zl\u0131 Talep olu\u015fturmak i\u00e7in:&nbsp;<\/p>\n\n\n\n<p>T\u00fcrkiye Geneli Gayrimenkul De\u011ferleme raporu, Yabanc\u0131 Uyruklu Ki\u015filerin ta\u015f\u0131nmaz edinimine y\u00f6nelik de\u011ferleme raporu, Kentsel D\u00f6n\u00fc\u015f\u00fcm De\u011ferleme Raporlar\u0131, Plan De\u011fi\u015fikli\u011fi De\u011fer Art\u0131\u015f\u0131 vb. talepleriniz i\u00e7in  <a href=\"tel:05353058425\">05353058425<\/a> nolu telefonlardan destek alabilirsiniz. WhatsApp yolu ile de kolayca ileti\u015fim kurabilirsiniz. <\/p>\n\n\n<p><!--EndFragment--><\/p>\n\n\n<p>Gayrimenkul De\u011ferleme, Yabanc\u0131 Uyruklu Ki\u015filer i\u00e7in De\u011ferleme, Ekspertiz, Kentsel D\u00f6n\u00fc\u015f\u00fcm Projeleri \u0130\u00e7in De\u011ferleme Hizmeti, Plan De\u011fi\u015fikli\u011fi Sonras\u0131 De\u011fer Art\u0131\u015f-De\u011fi\u015fim Tespiti, Risk Analizi, Makine ve Techizat De\u011ferleme<\/p>\n\n\n\n<figure class=\"wp-block-image\"><img loading=\"lazy\" width=\"720\" height=\"480\" src=\"http:\/\/donusumdegerleme.com\/wp-content\/uploads\/2019\/03\/real-estate-valuation.jpg\" alt=\"\" class=\"wp-image-115\" srcset=\"https:\/\/donusumdegerleme.com\/wp-content\/uploads\/2019\/03\/real-estate-valuation.jpg 720w, https:\/\/donusumdegerleme.com\/wp-content\/uploads\/2019\/03\/real-estate-valuation-300x200.jpg 300w\" sizes=\"(max-width: 720px) 100vw, 720px\" \/><\/figure>\n","protected":false},"excerpt":{"rendered":"<p>H\u0131zl\u0131 Talep olu\u015fturmak i\u00e7in:&nbsp; T\u00fcrkiye Geneli Gayrimenkul De\u011ferleme raporu, Yabanc\u0131 Uyruklu Ki\u015filerin ta\u015f\u0131nmaz edinimine y\u00f6nelik de\u011ferleme raporu, Kentsel D\u00f6n\u00fc\u015f\u00fcm De\u011ferleme Raporlar\u0131, Plan De\u011fi\u015fikli\u011fi De\u011fer Art\u0131\u015f\u0131 vb. talepleriniz i\u00e7in 05353058425 nolu telefonlardan destek alabilirsiniz. WhatsApp yolu ile de kolayca ileti\u015fim kurabilirsiniz. Gayrimenkul De\u011ferleme, Yabanc\u0131 Uyruklu Ki\u015filer i\u00e7in De\u011ferleme, Ekspertiz, Kentsel D\u00f6n\u00fc\u015f\u00fcm Projeleri \u0130\u00e7in De\u011ferleme Hizmeti, Plan&hellip; <br \/> <a class=\"read-more\" href=\"https:\/\/donusumdegerleme.com\/?page_id=53\">Devam\u0131<\/a><\/p>\n","protected":false},"author":1,"featured_media":0,"parent":0,"menu_order":0,"comment_status":"closed","ping_status":"closed","template":"","meta":[],"_links":{"self":[{"href":"https:\/\/donusumdegerleme.com\/index.php?rest_route=\/wp\/v2\/pages\/53"}],"collection":[{"href":"https:\/\/donusumdegerleme.com\/index.php?rest_route=\/wp\/v2\/pages"}],"about":[{"href":"https:\/\/donusumdegerleme.com\/index.php?rest_route=\/wp\/v2\/types\/page"}],"author":[{"embeddable":true,"href":"https:\/\/donusumdegerleme.com\/index.php?rest_route=\/wp\/v2\/users\/1"}],"replies":[{"embeddable":true,"href":"https:\/\/donusumdegerleme.com\/index.php?rest_route=%2Fwp%2Fv2%2Fcomments&post=53"}],"version-history":[{"count":8,"href":"https:\/\/donusumdegerleme.com\/index.php?rest_route=\/wp\/v2\/pages\/53\/revisions"}],"predecessor-version":[{"id":1074,"href":"https:\/\/donusumdegerleme.com\/index.php?rest_route=\/wp\/v2\/pages\/53\/revisions\/1074"}],"wp:attachment":[{"href":"https:\/\/donusumdegerleme.com\/index.php?rest_route=%2Fwp%2Fv2%2Fmedia&parent=53"}],"curies":[{"name":"wp","href":"https:\/\/api.w.org\/{rel}","templated":true}]}}