{"id":52,"date":"2019-03-10T18:31:30","date_gmt":"2019-03-10T18:31:30","guid":{"rendered":"http:\/\/donusumdegerleme.com\/?page_id=52"},"modified":"2025-06-02T09:15:14","modified_gmt":"2025-06-02T09:15:14","slug":"surekli-bilgilendirme","status":"publish","type":"page","link":"https:\/\/donusumdegerleme.com\/?page_id=52","title":{"rendered":"S\u00fcrekli Bilgilendirme"},"content":{"rendered":"\n<figure class=\"wp-block-image size-large is-resized\"><img loading=\"lazy\" src=\"http:\/\/donusumdegerleme.com\/wp-content\/uploads\/2025\/06\/Ekran-Alintisi-3.png\" alt=\"\" class=\"wp-image-1116\" width=\"735\" height=\"798\"\/><\/figure>\n\n\n\n<p><strong>\u0130nternet Sitesi:<\/strong> <a href=\"http:\/\/www.donusumdegerleme.com\">http:\/\/www.donusumdegerleme.com<\/a><\/p>\n\n\n\n<p><strong>Esas S\u00f6zle\u015fme: 12 \u015eubat 2019 Tarih, 9765 Say\u0131l\u0131 Ticaret Sicil Gazetesi<\/strong><\/p>\n\n\n\n<p>Hisse Devri Ticaret Sicil Gazetesi: 14.01.2021 tarih 10245 say\u0131l\u0131 ticaret sicil gazetesi<\/p>\n\n\n\n<p>Sermaye Art\u0131\u015f Ticaret Sicil Gazetesi: 25.01.2021 tarih 10252 say\u0131l\u0131 ticaret sicil gazetesi<\/p>\n\n\n\n<p>Adres De\u011fi\u015fikli\u011fi Ticaret Sicil Gazetesi: 10.09.2021tarih 10406 say\u0131l\u0131 ticaret sicil gazetesi<\/p>\n\n\n\n<p>Hisse Devri Ticaret Sicil Gazetesi: 02.06.2023 tarih 10844 say\u0131l\u0131 ticaret sicil gazetesi<\/p>\n\n\n\n<p>Ba\u011f\u0131ms\u0131z Denetim: Yeditepe Ba\u011f\u0131ms\u0131zs\u0131z Denetim  ve YMM A.\u015e. <\/p>\n","protected":false},"excerpt":{"rendered":"<p>\u0130nternet Sitesi: http:\/\/www.donusumdegerleme.com Esas S\u00f6zle\u015fme: 12 \u015eubat 2019 Tarih, 9765 Say\u0131l\u0131 Ticaret Sicil Gazetesi Hisse Devri Ticaret Sicil Gazetesi: 14.01.2021 tarih 10245 say\u0131l\u0131 ticaret sicil gazetesi Sermaye Art\u0131\u015f Ticaret Sicil Gazetesi: 25.01.2021 tarih 10252 say\u0131l\u0131 ticaret sicil gazetesi Adres De\u011fi\u015fikli\u011fi Ticaret Sicil Gazetesi: 10.09.2021tarih 10406 say\u0131l\u0131 ticaret sicil gazetesi Hisse Devri Ticaret Sicil Gazetesi: 02.06.2023&hellip; <br \/> <a class=\"read-more\" href=\"https:\/\/donusumdegerleme.com\/?page_id=52\">Devam\u0131<\/a><\/p>\n","protected":false},"author":1,"featured_media":0,"parent":0,"menu_order":0,"comment_status":"closed","ping_status":"closed","template":"","meta":[],"_links":{"self":[{"href":"https:\/\/donusumdegerleme.com\/index.php?rest_route=\/wp\/v2\/pages\/52"}],"collection":[{"href":"https:\/\/donusumdegerleme.com\/index.php?rest_route=\/wp\/v2\/pages"}],"about":[{"href":"https:\/\/donusumdegerleme.com\/index.php?rest_route=\/wp\/v2\/types\/page"}],"author":[{"embeddable":true,"href":"https:\/\/donusumdegerleme.com\/index.php?rest_route=\/wp\/v2\/users\/1"}],"replies":[{"embeddable":true,"href":"https:\/\/donusumdegerleme.com\/index.php?rest_route=%2Fwp%2Fv2%2Fcomments&post=52"}],"version-history":[{"count":52,"href":"https:\/\/donusumdegerleme.com\/index.php?rest_route=\/wp\/v2\/pages\/52\/revisions"}],"predecessor-version":[{"id":1117,"href":"https:\/\/donusumdegerleme.com\/index.php?rest_route=\/wp\/v2\/pages\/52\/revisions\/1117"}],"wp:attachment":[{"href":"https:\/\/donusumdegerleme.com\/index.php?rest_route=%2Fwp%2Fv2%2Fmedia&parent=52"}],"curies":[{"name":"wp","href":"https:\/\/api.w.org\/{rel}","templated":true}]}}