{"id":2,"date":"2018-09-04T01:45:19","date_gmt":"2018-09-03T22:45:19","guid":{"rendered":"http:\/\/ucretsiz.wordpresstema.com\/test1\/?page_id=2"},"modified":"2023-03-24T09:53:13","modified_gmt":"2023-03-24T09:53:13","slug":"ana-sayfa-2","status":"publish","type":"page","link":"https:\/\/donusumdegerleme.com\/?page_id=2","title":{"rendered":"D\u00f6n\u00fc\u015f\u00fcm Gayrimenkul De\u011ferleme ve Dan\u0131\u015fmanl\u0131k A.\u015e."},"content":{"rendered":"\n<p>H\u0131zl\u0131 Talep olu\u015fturmak i\u00e7in:&nbsp;<\/p>\n\n\n\n<p> T\u00fcrkiye Geneli Gayrimenkul De\u011ferleme raporu, Kentsel D\u00f6n\u00fc\u015f\u00fcm De\u011ferleme Raporlar\u0131, Miras Payla\u015f\u0131m\u0131 vb. talepleriniz i\u00e7in  <a href=\"tel:05417236078\">0<\/a><a href=\"tel:05353058425\">5353058425<\/a> nolu telefonlardan destek alabilirsiniz. WhatsApp yolu ile de kolayca ileti\u015fim kurabilirsiniz. <\/p>\n\n\n\n<figure class=\"wp-block-image\"><img loading=\"lazy\" width=\"960\" height=\"601\" src=\"http:\/\/donusumdegerleme.com\/wp-content\/uploads\/2019\/05\/thumbs-up-2056022_960_720.jpg\" alt=\"\" class=\"wp-image-450\" srcset=\"https:\/\/donusumdegerleme.com\/wp-content\/uploads\/2019\/05\/thumbs-up-2056022_960_720.jpg 960w, https:\/\/donusumdegerleme.com\/wp-content\/uploads\/2019\/05\/thumbs-up-2056022_960_720-300x188.jpg 300w, https:\/\/donusumdegerleme.com\/wp-content\/uploads\/2019\/05\/thumbs-up-2056022_960_720-768x481.jpg 768w\" sizes=\"(max-width: 960px) 100vw, 960px\" \/><\/figure>\n","protected":false},"excerpt":{"rendered":"<p>H\u0131zl\u0131 Talep olu\u015fturmak i\u00e7in:&nbsp; T\u00fcrkiye Geneli Gayrimenkul De\u011ferleme raporu, Kentsel D\u00f6n\u00fc\u015f\u00fcm De\u011ferleme Raporlar\u0131, Miras Payla\u015f\u0131m\u0131 vb. talepleriniz i\u00e7in 05353058425 nolu telefonlardan destek alabilirsiniz. WhatsApp yolu ile de kolayca ileti\u015fim kurabilirsiniz.<\/p>\n","protected":false},"author":1,"featured_media":0,"parent":0,"menu_order":0,"comment_status":"closed","ping_status":"open","template":"","meta":[],"_links":{"self":[{"href":"https:\/\/donusumdegerleme.com\/index.php?rest_route=\/wp\/v2\/pages\/2"}],"collection":[{"href":"https:\/\/donusumdegerleme.com\/index.php?rest_route=\/wp\/v2\/pages"}],"about":[{"href":"https:\/\/donusumdegerleme.com\/index.php?rest_route=\/wp\/v2\/types\/page"}],"author":[{"embeddable":true,"href":"https:\/\/donusumdegerleme.com\/index.php?rest_route=\/wp\/v2\/users\/1"}],"replies":[{"embeddable":true,"href":"https:\/\/donusumdegerleme.com\/index.php?rest_route=%2Fwp%2Fv2%2Fcomments&post=2"}],"version-history":[{"count":10,"href":"https:\/\/donusumdegerleme.com\/index.php?rest_route=\/wp\/v2\/pages\/2\/revisions"}],"predecessor-version":[{"id":1066,"href":"https:\/\/donusumdegerleme.com\/index.php?rest_route=\/wp\/v2\/pages\/2\/revisions\/1066"}],"wp:attachment":[{"href":"https:\/\/donusumdegerleme.com\/index.php?rest_route=%2Fwp%2Fv2%2Fmedia&parent=2"}],"curies":[{"name":"wp","href":"https:\/\/api.w.org\/{rel}","templated":true}]}}