{"id":1142,"date":"2025-07-07T10:31:25","date_gmt":"2025-07-07T10:31:25","guid":{"rendered":"http:\/\/donusumdegerleme.com\/?page_id=1142"},"modified":"2025-07-07T10:46:21","modified_gmt":"2025-07-07T10:46:21","slug":"ticaret-sicil-gazeteleri","status":"publish","type":"page","link":"https:\/\/donusumdegerleme.com\/?page_id=1142","title":{"rendered":"Ticaret Sicil Gazeteleri"},"content":{"rendered":"<div style=\"overflow-x:auto;\">\n<table style=\"width:100%;border-collapse:collapse;font-size:15px;line-height:1.4;\">\n<thead>\n<tr>\n<th style=\"padding:12px 10px;text-align:left;background:#3f0d99!important;color:#fff!important;\">SIRA<\/th>\n<th style=\"padding:12px 10px;text-align:left;background:#3f0d99!important;color:#fff!important;\">M\u00dcD\u00dcRL\u00dcK<\/th>\n<th style=\"padding:12px 10px;text-align:left;background:#3f0d99!important;color:#fff!important;\">S\u0130C\u0130L NO<\/th>\n<th style=\"padding:12px 10px;text-align:left;background:#3f0d99!important;color:#fff!important;\">UNVAN<\/th>\n<th style=\"padding:12px 10px;text-align:left;background:#3f0d99!important;color:#fff!important;\">YAYIN TAR\u0130H\u0130<\/th>\n<th style=\"padding:12px 10px;text-align:left;background:#3f0d99!important;color:#fff!important;\">SAYI<\/th>\n<th style=\"padding:12px 10px;text-align:left;background:#3f0d99!important;color:#fff!important;\">SAYFA<\/th>\n<th style=\"padding:12px 10px;text-align:left;background:#3f0d99!important;color:#fff!important;\">\u0130LAN T\u00dcR\u00dc<\/th>\n<th style=\"padding:12px 10px;text-align:left;background:#3f0d99!important;color:#fff!important;\">GAZETE<\/th>\n<\/tr>\n<\/thead>\n<tbody>\n<tr style=\"background:#f8f9fc;border-bottom:1px solid #e5e7eb;\">\n<td style=\"padding:12px 10px; color:black;\">4315<\/td>\n<td style=\"padding:12px 10px; color:black;\">Ankara<\/td>\n<td style=\"padding:12px 10px; color:black;\">418603<\/td>\n<td style=\"padding:12px 10px; color:black;\">D\u00d6N\u00dc\u015e\u00dcM GAYR\u0130MENKUL DE\u011eERLEME VE DANI\u015eMANLIK ANON\u0130M \u015e\u0130RKET\u0130<\/td>\n<td style=\"padding:12px 10px; color:black;\">25 Ocak 2021<\/td>\n<td style=\"padding:12px 10px; color:black;\">10252<\/td>\n<td style=\"padding:12px 10px; color:black;\">764<\/td>\n<td style=\"padding:12px 10px; color:black;\">Sermaye Art\u0131r\u0131m\u0131<\/td>\n<td style=\"padding:12px 10px;\"><a href=\"http:\/\/donusumdegerleme.com\/wp-content\/uploads\/2025\/07\/SERMAYE-ARTIRIM-GAZETESI.pdf\" target=\"_blank\" style=\"color:#c00;text-decoration:underline;\" rel=\"noopener noreferrer\">\u0130ndir<\/a><\/td>\n<\/tr>\n<tr style=\"background:#ffffff;border-bottom:1px solid #e5e7eb;\">\n<td style=\"padding:12px 10px; color:black;\">2<\/td>\n<td style=\"padding:12px 10px; color:black;\">Ankara<\/td>\n<td style=\"padding:12px 10px; color:black;\">418603<\/td>\n<td style=\"padding:12px 10px; color:black;\">D\u00d6N\u00dc\u015e\u00dcM GAYR\u0130MENKUL DE\u011eERLEME VE DANI\u015eMANLIK ANON\u0130M \u015e\u0130RKET\u0130<\/td>\n<td style=\"padding:12px 10px; color:black;\">16 Kas\u0131m 2023<\/td>\n<td style=\"padding:12px 10px; color:black;\">2023-GD-89339<\/td>\n<td style=\"padding:12px 10px; color:black;\">1<\/td>\n<td style=\"padding:12px 10px; color:black;\">Ticaret Sicil Tasdiknamesi<\/td>\n<td style=\"padding:12px 10px;\"><a href=\"http:\/\/donusumdegerleme.com\/wp-content\/uploads\/2025\/07\/TICARET-SICIL-TASDIKNAMESI.pdf\" target=\"_blank\" style=\"color:#c00;text-decoration:underline;\" rel=\"noopener noreferrer\">\u0130ndir<\/a><\/td>\n<\/tr>\n<tr style=\"background:#f8f9fc;border-bottom:1px solid #e5e7eb;\">\n<td style=\"padding:12px 10px; color:black;\">1<\/td>\n<td style=\"padding:12px 10px; color:black;\">Ankara<\/td>\n<td style=\"padding:12px 10px; color:black;\">418603<\/td>\n<td style=\"padding:12px 10px; color:black;\">D\u00d6N\u00dc\u015e\u00dcM GAYR\u0130MENKUL DE\u011eERLEME VE DANI\u015eMANLIK ANON\u0130M \u015e\u0130RKET\u0130<\/td>\n<td style=\"padding:12px 10px; color:black;\">14 Eyl\u00fcl 2021<\/td>\n<td style=\"padding:12px 10px; color:black;\">10408<\/td>\n<td style=\"padding:12px 10px; color:black;\">9<\/td>\n<td style=\"padding:12px 10px; color:black;\">Merkez Nakli<\/td>\n<td style=\"padding:12px 10px;\"><a href=\"http:\/\/donusumdegerleme.com\/wp-content\/uploads\/2025\/07\/MERKEZ-NAKLI.pdf\" target=\"_blank\" style=\"color:#c00;text-decoration:underline;\" rel=\"noopener noreferrer\">\u0130ndir<\/a><\/td>\n<\/tr>\n<tr style=\"background:#ffffff;border-bottom:1px solid #e5e7eb;\">\n<td style=\"padding:12px 10px; color:black;\">9216<\/td>\n<td style=\"padding:12px 10px; color:black;\">Ankara<\/td>\n<td style=\"padding:12px 10px; color:black;\">418603<\/td>\n<td style=\"padding:12px 10px; color:black;\">D\u00d6N\u00dc\u015e\u00dcM GAYR\u0130MENKUL DE\u011eERLEME VE DANI\u015eMANLIK ANON\u0130M \u015e\u0130RKET\u0130<\/td>\n<td style=\"padding:12px 10px; color:black;\">2 Haziran 2023<\/td>\n<td style=\"padding:12px 10px; color:black;\">10844<\/td>\n<td style=\"padding:12px 10px; color:black;\">931<\/td>\n<td style=\"padding:12px 10px; color:black;\">Temsil Yetki<\/td>\n<td style=\"padding:12px 10px;\"><a href=\"http:\/\/donusumdegerleme.com\/wp-content\/uploads\/2025\/07\/TEMSIL-YETKI-GAZETESI.pdf\" target=\"_blank\" style=\"color:#c00;text-decoration:underline;\" rel=\"noopener noreferrer\">\u0130ndir<\/a><\/td>\n<\/tr>\n<\/tbody>\n<\/table>\n<\/div>\n","protected":false},"excerpt":{"rendered":"<p>SIRA M\u00dcD\u00dcRL\u00dcK S\u0130C\u0130L NO UNVAN YAYIN TAR\u0130H\u0130 SAYI SAYFA \u0130LAN T\u00dcR\u00dc GAZETE 4315 Ankara 418603 D\u00d6N\u00dc\u015e\u00dcM GAYR\u0130MENKUL DE\u011eERLEME VE DANI\u015eMANLIK ANON\u0130M \u015e\u0130RKET\u0130 25 Ocak 2021 10252 764 Sermaye Art\u0131r\u0131m\u0131 \u0130ndir 2 Ankara 418603 D\u00d6N\u00dc\u015e\u00dcM GAYR\u0130MENKUL DE\u011eERLEME VE DANI\u015eMANLIK ANON\u0130M \u015e\u0130RKET\u0130 16 Kas\u0131m 2023 2023-GD-89339 1 Ticaret Sicil Tasdiknamesi \u0130ndir 1 Ankara 418603 D\u00d6N\u00dc\u015e\u00dcM GAYR\u0130MENKUL DE\u011eERLEME&hellip; <br \/> <a class=\"read-more\" href=\"https:\/\/donusumdegerleme.com\/?page_id=1142\">Devam\u0131<\/a><\/p>\n","protected":false},"author":1,"featured_media":0,"parent":0,"menu_order":0,"comment_status":"closed","ping_status":"closed","template":"","meta":[],"_links":{"self":[{"href":"https:\/\/donusumdegerleme.com\/index.php?rest_route=\/wp\/v2\/pages\/1142"}],"collection":[{"href":"https:\/\/donusumdegerleme.com\/index.php?rest_route=\/wp\/v2\/pages"}],"about":[{"href":"https:\/\/donusumdegerleme.com\/index.php?rest_route=\/wp\/v2\/types\/page"}],"author":[{"embeddable":true,"href":"https:\/\/donusumdegerleme.com\/index.php?rest_route=\/wp\/v2\/users\/1"}],"replies":[{"embeddable":true,"href":"https:\/\/donusumdegerleme.com\/index.php?rest_route=%2Fwp%2Fv2%2Fcomments&post=1142"}],"version-history":[{"count":5,"href":"https:\/\/donusumdegerleme.com\/index.php?rest_route=\/wp\/v2\/pages\/1142\/revisions"}],"predecessor-version":[{"id":1153,"href":"https:\/\/donusumdegerleme.com\/index.php?rest_route=\/wp\/v2\/pages\/1142\/revisions\/1153"}],"wp:attachment":[{"href":"https:\/\/donusumdegerleme.com\/index.php?rest_route=%2Fwp%2Fv2%2Fmedia&parent=1142"}],"curies":[{"name":"wp","href":"https:\/\/api.w.org\/{rel}","templated":true}]}}