{"id":1121,"date":"2025-07-07T10:06:34","date_gmt":"2025-07-07T10:06:34","guid":{"rendered":"http:\/\/donusumdegerleme.com\/?page_id=1121"},"modified":"2025-07-07T10:24:03","modified_gmt":"2025-07-07T10:24:03","slug":"finansal-tablolar","status":"publish","type":"page","link":"https:\/\/donusumdegerleme.com\/?page_id=1121","title":{"rendered":"Finansal Tablolar"},"content":{"rendered":"<div style=\"overflow-x:auto;\">\n<table style=\"width:100%;border-collapse:collapse;font-size:15px;line-height:1.4;\">\n<thead>\n<tr>\n<th style=\"padding:12px 10px;text-align:left;background:#3f0d99!important;color:#fff!important;\">A\u00e7\u0131klama<\/th>\n<th style=\"padding:12px 10px;text-align:left;background:#3f0d99!important;color:#fff!important;\">Hesap D\u00f6nemi<\/th>\n<th style=\"padding:12px 10px;text-align:left;background:#3f0d99!important;color:#fff!important;\">Faaliyet Raporu<\/th>\n<th style=\"padding:12px 10px;text-align:left;background:#3f0d99!important;color:#fff!important;\">Ba\u011f\u0131ms\u0131z Denet\u00e7i Raporu<\/th>\n<\/tr>\n<\/thead>\n<tbody>\n<tr style=\"background:#f8f9fc;border-bottom:1px solid #e5e7eb;\">\n<td style=\"padding:12px 10px; color: black; font-weight: bolder;\">D\u00d6N\u00dc\u015e\u00dcM DE\u011eERLEME\u2026 2019 HESAP D\u00d6NEM\u0130NE A\u0130T F\u0130NANSAL TABLOLAR<\/td>\n<td style=\"padding:12px 10px; color: black;\">2019<\/td>\n<td style=\"padding:12px 10px;\"><a href=\"http:\/\/donusumdegerleme.com\/wp-content\/uploads\/2025\/07\/faaliyet-2019.pdf\" download=\"\" target=\"_blank\" style=\"color:#c00;text-decoration:underline;\" rel=\"noopener noreferrer\">\u0130ndir<\/a><\/td>\n<td style=\"padding:12px 10px;\"><a href=\"http:\/\/donusumdegerleme.com\/wp-content\/uploads\/2025\/07\/2019.pdf\" download=\"\" target=\"_blank\" style=\"color:#c00;text-decoration:underline;\" rel=\"noopener noreferrer\">\u0130ndir<\/a><\/td>\n<\/tr>\n<tr style=\"background:#ffffff;border-bottom:1px solid #e5e7eb;\">\n<td style=\"padding:12px 10px; color: black; font-weight: bolder;\">D\u00d6N\u00dc\u015e\u00dcM DE\u011eERLEME\u2026 2020 HESAP D\u00d6NEM\u0130NE A\u0130T F\u0130NANSAL TABLOLAR<\/td>\n<td style=\"padding:12px 10px; color: black;\">2020<\/td>\n<td style=\"padding:12px 10px;\"><a href=\"http:\/\/donusumdegerleme.com\/wp-content\/uploads\/2025\/07\/faaliyet-2020.pdf\" download=\"\" target=\"_blank\" style=\"color:#c00;text-decoration:underline;\" rel=\"noopener noreferrer\">\u0130ndir<\/a><\/td>\n<td style=\"padding:12px 10px;\"><a href=\"http:\/\/donusumdegerleme.com\/wp-content\/uploads\/2025\/07\/2020.pdf\" download=\"\" target=\"_blank\" style=\"color:#c00;text-decoration:underline;\" rel=\"noopener noreferrer\">\u0130ndir<\/a><\/td>\n<\/tr>\n<tr style=\"background:#f8f9fc;border-bottom:1px solid #e5e7eb;\">\n<td style=\"padding:12px 10px; color: black; font-weight: bolder;\">D\u00d6N\u00dc\u015e\u00dcM DE\u011eERLEME\u2026 2021 HESAP D\u00d6NEM\u0130NE A\u0130T F\u0130NANSAL TABLOLAR<\/td>\n<td style=\"padding:12px 10px; color: black;\">2021<\/td>\n<td style=\"padding:12px 10px;\"><a href=\"http:\/\/donusumdegerleme.com\/wp-content\/uploads\/2025\/07\/faaliyet-2021.pdf\" download=\"\" target=\"_blank\" style=\"color:#c00;text-decoration:underline;\" rel=\"noopener noreferrer\">\u0130ndir<\/a><\/td>\n<td style=\"padding:12px 10px;\"><a href=\"http:\/\/donusumdegerleme.com\/wp-content\/uploads\/2025\/07\/2021.pdf\" download=\"\" target=\"_blank\" style=\"color:#c00;text-decoration:underline;\" rel=\"noopener noreferrer\">\u0130ndir<\/a><\/td>\n<\/tr>\n<tr style=\"background:#ffffff;border-bottom:1px solid #e5e7eb;\">\n<td style=\"padding:12px 10px; color: black; font-weight: bolder;\">D\u00d6N\u00dc\u015e\u00dcM DE\u011eERLEME\u2026 2022 HESAP D\u00d6NEM\u0130NE A\u0130T F\u0130NANSAL TABLOLAR<\/td>\n<td style=\"padding:12px 10px; color: black;\">2022<\/td>\n<td style=\"padding:12px 10px;\"><a href=\"http:\/\/donusumdegerleme.com\/wp-content\/uploads\/2025\/07\/faaliyet-2022.pdf\" download=\"\" target=\"_blank\" style=\"color:#c00;text-decoration:underline;\" rel=\"noopener noreferrer\">\u0130ndir<\/a><\/td>\n<td style=\"padding:12px 10px;\"><a href=\"http:\/\/donusumdegerleme.com\/wp-content\/uploads\/2025\/07\/2022.pdf\" download=\"\" target=\"_blank\" style=\"color:#c00;text-decoration:underline;\" rel=\"noopener noreferrer\">\u0130ndir<\/a><\/td>\n<\/tr>\n<tr style=\"background:#f8f9fc;border-bottom:1px solid #e5e7eb;\">\n<td style=\"padding:12px 10px; color: black; font-weight: bolder;\">D\u00d6N\u00dc\u015e\u00dcM DE\u011eERLEME\u2026 2023 HESAP D\u00d6NEM\u0130NE A\u0130T F\u0130NANSAL TABLOLAR<\/td>\n<td style=\"padding:12px 10px; color: black;\">2023<\/td>\n<td style=\"padding:12px 10px;\"><a href=\"http:\/\/donusumdegerleme.com\/wp-content\/uploads\/2025\/07\/faaliyet-2023.pdf\" target=\"_blank\" download=\"\" style=\"color:#c00;text-decoration:underline;\" rel=\"noopener noreferrer\">\u0130ndir<\/a><\/td>\n<td style=\"padding:12px 10px;\"><a href=\"http:\/\/donusumdegerleme.com\/wp-content\/uploads\/2025\/07\/2023.pdf\" download=\"\" target=\"_blank\" style=\"color:#c00;text-decoration:underline;\" rel=\"noopener noreferrer\">\u0130ndir<\/a><\/td>\n<\/tr>\n<\/tbody>\n<\/table>\n<\/div>\n","protected":false},"excerpt":{"rendered":"<p>A\u00e7\u0131klama Hesap D\u00f6nemi Faaliyet Raporu Ba\u011f\u0131ms\u0131z Denet\u00e7i Raporu D\u00d6N\u00dc\u015e\u00dcM DE\u011eERLEME\u2026 2019 HESAP D\u00d6NEM\u0130NE A\u0130T F\u0130NANSAL TABLOLAR 2019 \u0130ndir \u0130ndir D\u00d6N\u00dc\u015e\u00dcM DE\u011eERLEME\u2026 2020 HESAP D\u00d6NEM\u0130NE A\u0130T F\u0130NANSAL TABLOLAR 2020 \u0130ndir \u0130ndir D\u00d6N\u00dc\u015e\u00dcM DE\u011eERLEME\u2026 2021 HESAP D\u00d6NEM\u0130NE A\u0130T F\u0130NANSAL TABLOLAR 2021 \u0130ndir \u0130ndir D\u00d6N\u00dc\u015e\u00dcM DE\u011eERLEME\u2026 2022 HESAP D\u00d6NEM\u0130NE A\u0130T F\u0130NANSAL TABLOLAR 2022 \u0130ndir \u0130ndir D\u00d6N\u00dc\u015e\u00dcM DE\u011eERLEME\u2026 2023&hellip; <br \/> <a class=\"read-more\" href=\"https:\/\/donusumdegerleme.com\/?page_id=1121\">Devam\u0131<\/a><\/p>\n","protected":false},"author":1,"featured_media":0,"parent":0,"menu_order":0,"comment_status":"closed","ping_status":"closed","template":"","meta":[],"_links":{"self":[{"href":"https:\/\/donusumdegerleme.com\/index.php?rest_route=\/wp\/v2\/pages\/1121"}],"collection":[{"href":"https:\/\/donusumdegerleme.com\/index.php?rest_route=\/wp\/v2\/pages"}],"about":[{"href":"https:\/\/donusumdegerleme.com\/index.php?rest_route=\/wp\/v2\/types\/page"}],"author":[{"embeddable":true,"href":"https:\/\/donusumdegerleme.com\/index.php?rest_route=\/wp\/v2\/users\/1"}],"replies":[{"embeddable":true,"href":"https:\/\/donusumdegerleme.com\/index.php?rest_route=%2Fwp%2Fv2%2Fcomments&post=1121"}],"version-history":[{"count":7,"href":"https:\/\/donusumdegerleme.com\/index.php?rest_route=\/wp\/v2\/pages\/1121\/revisions"}],"predecessor-version":[{"id":1139,"href":"https:\/\/donusumdegerleme.com\/index.php?rest_route=\/wp\/v2\/pages\/1121\/revisions\/1139"}],"wp:attachment":[{"href":"https:\/\/donusumdegerleme.com\/index.php?rest_route=%2Fwp%2Fv2%2Fmedia&parent=1121"}],"curies":[{"name":"wp","href":"https:\/\/api.w.org\/{rel}","templated":true}]}}