{"id":10,"date":"2019-02-15T13:54:23","date_gmt":"2019-02-15T13:54:23","guid":{"rendered":"http:\/\/donusumdegerleme.com\/?page_id=10"},"modified":"2024-01-02T13:23:20","modified_gmt":"2024-01-02T13:23:20","slug":"bize-ulasin","status":"publish","type":"page","link":"https:\/\/donusumdegerleme.com\/?page_id=10","title":{"rendered":"Bize ula\u015f\u0131n"},"content":{"rendered":"<p><strong>Altay Mah. Orhan Bey Cad. Atay\u0131ld\u0131z Plaza NO:1\/61 Etimesgut Ankara<\/strong><\/p>\n<p><a href=\"mailto:info@donusumdegerleme.com.tr\"><strong>info@donusumdegerleme.com<\/strong><\/a><\/p>\n<p>0 312 245 21 77<\/p>\n\n\n<iframe src=\"https:\/\/www.google.com\/maps\/embed?pb=!1m14!1m12!1m3!1d5379.317396845933!2d32.607941518211724!3d39.96137883077242!2m3!1f0!2f0!3f0!3m2!1i1024!2i768!4f13.1!5e1!3m2!1str!2str!4v1558832961283!5m2!1str!2str\" width=\"800\" height=\"600\" frameborder=\"0\" style=\"border:0\" allowfullscreen=\"\"><\/iframe>\n\n\n\n<p>\u00a0<\/p>\n<p style=\"text-align: center;\"><span style=\"color: #000000;\"><strong>\u0130LET\u0130\u015e\u0130M FORMU<\/strong><\/span><\/p>\n\n\n<div role=\"form\" class=\"wpcf7\" id=\"wpcf7-f203-o1\" lang=\"tr-TR\" dir=\"ltr\">\n<div class=\"screen-reader-response\"><\/div>\n<form action=\"\/index.php?rest_route=%2Fwp%2Fv2%2Fpages%2F10#wpcf7-f203-o1\" method=\"post\" class=\"wpcf7-form\" novalidate=\"novalidate\">\n<div style=\"display: none;\">\n<input type=\"hidden\" name=\"_wpcf7\" value=\"203\" \/>\n<input type=\"hidden\" name=\"_wpcf7_version\" value=\"5.1.4\" \/>\n<input type=\"hidden\" name=\"_wpcf7_locale\" value=\"tr_TR\" \/>\n<input type=\"hidden\" name=\"_wpcf7_unit_tag\" value=\"wpcf7-f203-o1\" \/>\n<input type=\"hidden\" name=\"_wpcf7_container_post\" value=\"0\" \/>\n<\/div>\n<p><label> Ad\u0131n\u0131z (gerekli)<br \/>\n    <span class=\"wpcf7-form-control-wrap your-name\"><input type=\"text\" name=\"your-name\" value=\"\" size=\"40\" class=\"wpcf7-form-control wpcf7-text wpcf7-validates-as-required\" aria-required=\"true\" aria-invalid=\"false\" \/><\/span> <\/label><\/p>\n<p><label> E-posta adresiniz (gerekli)<br \/>\n    <span class=\"wpcf7-form-control-wrap your-email\"><input type=\"email\" name=\"your-email\" value=\"\" size=\"40\" class=\"wpcf7-form-control wpcf7-text wpcf7-email wpcf7-validates-as-required wpcf7-validates-as-email\" aria-required=\"true\" aria-invalid=\"false\" \/><\/span> <\/label><\/p>\n<p><label> Konu<br \/>\n    <span class=\"wpcf7-form-control-wrap your-subject\"><input type=\"text\" name=\"your-subject\" value=\"\" size=\"40\" class=\"wpcf7-form-control wpcf7-text\" aria-invalid=\"false\" \/><\/span> <\/label><\/p>\n<p><label> \u0130letiniz<br \/>\n    <span class=\"wpcf7-form-control-wrap your-message\"><textarea name=\"your-message\" cols=\"40\" rows=\"10\" class=\"wpcf7-form-control wpcf7-textarea\" aria-invalid=\"false\"><\/textarea><\/span> <\/label><\/p>\n<p><input type=\"submit\" value=\"G\u00f6nder\" class=\"wpcf7-form-control wpcf7-submit\" \/><\/p>\n<div class=\"wpcf7-response-output wpcf7-display-none\"><\/div><\/form><\/div>\n\n\n\n<p><\/p>\n","protected":false},"excerpt":{"rendered":"<p>Altay Mah. Orhan Bey Cad. Atay\u0131ld\u0131z Plaza NO:1\/61 Etimesgut Ankara info@donusumdegerleme.com 0 312 245 21 77 \u00a0 \u0130LET\u0130\u015e\u0130M FORMU<\/p>\n","protected":false},"author":1,"featured_media":0,"parent":0,"menu_order":0,"comment_status":"closed","ping_status":"closed","template":"","meta":[],"_links":{"self":[{"href":"https:\/\/donusumdegerleme.com\/index.php?rest_route=\/wp\/v2\/pages\/10"}],"collection":[{"href":"https:\/\/donusumdegerleme.com\/index.php?rest_route=\/wp\/v2\/pages"}],"about":[{"href":"https:\/\/donusumdegerleme.com\/index.php?rest_route=\/wp\/v2\/types\/page"}],"author":[{"embeddable":true,"href":"https:\/\/donusumdegerleme.com\/index.php?rest_route=\/wp\/v2\/users\/1"}],"replies":[{"embeddable":true,"href":"https:\/\/donusumdegerleme.com\/index.php?rest_route=%2Fwp%2Fv2%2Fcomments&post=10"}],"version-history":[{"count":21,"href":"https:\/\/donusumdegerleme.com\/index.php?rest_route=\/wp\/v2\/pages\/10\/revisions"}],"predecessor-version":[{"id":1095,"href":"https:\/\/donusumdegerleme.com\/index.php?rest_route=\/wp\/v2\/pages\/10\/revisions\/1095"}],"wp:attachment":[{"href":"https:\/\/donusumdegerleme.com\/index.php?rest_route=%2Fwp%2Fv2%2Fmedia&parent=10"}],"curies":[{"name":"wp","href":"https:\/\/api.w.org\/{rel}","templated":true}]}}